{"id":31,"date":"2015-10-16T18:13:20","date_gmt":"2015-10-16T18:13:20","guid":{"rendered":"http:\/\/newkind.me\/wp\/salient\/?page_id=24"},"modified":"2022-12-27T15:56:48","modified_gmt":"2022-12-27T15:56:48","slug":"kant-ingenieria-de-sistemas-para-organizar-civilizaciones","status":"publish","type":"page","link":"https:\/\/kant.ws\/es\/","title":{"rendered":"Home"},"content":{"rendered":"","protected":false},"excerpt":{"rendered":"","protected":false},"author":1,"featured_media":0,"parent":0,"menu_order":0,"comment_status":"closed","ping_status":"closed","template":"","meta":{"footnotes":""},"class_list":["post-31","page","type-page","status-publish","hentry"],"yoast_head":"<!-- This site is optimized with the Yoast SEO plugin v25.6 - https:\/\/yoast.com\/wordpress\/plugins\/seo\/ -->\n<title>Immanuel Kant<\/title>\n<meta name=\"description\" content=\"Immanuel Kant: Ingenier\u00eda de sistemas para organizar civilizaciones: esquemas organizativos (gesti\u00f3n de recursos) + educaci\u00f3n (darles vida).\" \/>\n<meta name=\"robots\" content=\"index, follow, max-snippet:-1, max-image-preview:large, max-video-preview:-1\" \/>\n<link rel=\"canonical\" href=\"https:\/\/kant.ws\/es\/\" \/>\n<meta property=\"og:locale\" content=\"es_ES\" \/>\n<meta property=\"og:type\" content=\"article\" \/>\n<meta property=\"og:title\" content=\"Immanuel Kant\" \/>\n<meta property=\"og:description\" content=\"Immanuel Kant: Ingenier\u00eda de sistemas para organizar civilizaciones: esquemas organizativos (gesti\u00f3n de recursos) + educaci\u00f3n (darles vida).\" \/>\n<meta property=\"og:url\" content=\"https:\/\/kant.ws\/es\/\" \/>\n<meta property=\"og:site_name\" content=\"Introducci\u00f3n a Immanuel Kant\" \/>\n<meta property=\"article:modified_time\" content=\"2022-12-27T15:56:48+00:00\" \/>\n<meta name=\"twitter:card\" content=\"summary_large_image\" \/>\n<script type=\"application\/ld+json\" class=\"yoast-schema-graph\">{\"@context\":\"https:\/\/schema.org\",\"@graph\":[{\"@type\":\"WebPage\",\"@id\":\"https:\/\/kant.ws\/es\/\",\"url\":\"https:\/\/kant.ws\/es\/\",\"name\":\"Immanuel Kant\",\"isPartOf\":{\"@id\":\"https:\/\/kant.ws\/es\/#website\"},\"datePublished\":\"2015-10-16T18:13:20+00:00\",\"dateModified\":\"2022-12-27T15:56:48+00:00\",\"description\":\"Immanuel Kant: Ingenier\u00eda de sistemas para organizar civilizaciones: esquemas organizativos (gesti\u00f3n de recursos) + educaci\u00f3n (darles vida).\",\"breadcrumb\":{\"@id\":\"https:\/\/kant.ws\/es\/#breadcrumb\"},\"inLanguage\":\"es\",\"potentialAction\":[{\"@type\":\"ReadAction\",\"target\":[\"https:\/\/kant.ws\/es\/\"]}]},{\"@type\":\"BreadcrumbList\",\"@id\":\"https:\/\/kant.ws\/es\/#breadcrumb\",\"itemListElement\":[{\"@type\":\"ListItem\",\"position\":1,\"name\":\"Portada\",\"item\":\"https:\/\/kant.ws\/es\/\"},{\"@type\":\"ListItem\",\"position\":2,\"name\":\"Home\"}]},{\"@type\":\"WebSite\",\"@id\":\"https:\/\/kant.ws\/es\/#website\",\"url\":\"https:\/\/kant.ws\/es\/\",\"name\":\"Ciencias Pol\u00edticas... ingenier\u00eda de sistemas para organizar civilizaciones\",\"description\":\"Ciencias Pol\u00edticas... ingenier\u00eda de sistemas para organizar civilizaciones\",\"publisher\":{\"@id\":\"https:\/\/kant.ws\/es\/#\/schema\/person\/c0effb46ff3358193ca678cec9d09672\"},\"alternateName\":\"Kant Web Site\",\"potentialAction\":[{\"@type\":\"SearchAction\",\"target\":{\"@type\":\"EntryPoint\",\"urlTemplate\":\"https:\/\/kant.ws\/es\/?s={search_term_string}\"},\"query-input\":{\"@type\":\"PropertyValueSpecification\",\"valueRequired\":true,\"valueName\":\"search_term_string\"}}],\"inLanguage\":\"es\"},{\"@type\":[\"Person\",\"Organization\"],\"@id\":\"https:\/\/kant.ws\/es\/#\/schema\/person\/c0effb46ff3358193ca678cec9d09672\",\"name\":\"Immanuel Kant\",\"image\":{\"@type\":\"ImageObject\",\"inLanguage\":\"es\",\"@id\":\"https:\/\/kant.ws\/es\/#\/schema\/person\/image\/\",\"url\":\"https:\/\/kant.ws\/es\/wp-content\/uploads\/sites\/2\/2022\/07\/login-logo.png\",\"contentUrl\":\"https:\/\/kant.ws\/es\/wp-content\/uploads\/sites\/2\/2022\/07\/login-logo.png\",\"width\":200,\"height\":200,\"caption\":\"Immanuel Kant\"},\"logo\":{\"@id\":\"https:\/\/kant.ws\/es\/#\/schema\/person\/image\/\"},\"sameAs\":[\"https:\/\/kant.ws\/\",\"https:\/\/www.youtube.com\/c\/KantCf0\"]}]}<\/script>\n<!-- \/ Yoast SEO plugin. -->","yoast_head_json":{"title":"Immanuel Kant","description":"Immanuel Kant: Ingenier\u00eda de sistemas para organizar civilizaciones: esquemas organizativos (gesti\u00f3n de recursos) + educaci\u00f3n (darles vida).","robots":{"index":"index","follow":"follow","max-snippet":"max-snippet:-1","max-image-preview":"max-image-preview:large","max-video-preview":"max-video-preview:-1"},"canonical":"https:\/\/kant.ws\/es\/","og_locale":"es_ES","og_type":"article","og_title":"Immanuel Kant","og_description":"Immanuel Kant: Ingenier\u00eda de sistemas para organizar civilizaciones: esquemas organizativos (gesti\u00f3n de recursos) + educaci\u00f3n (darles vida).","og_url":"https:\/\/kant.ws\/es\/","og_site_name":"Introducci\u00f3n a Immanuel Kant","article_modified_time":"2022-12-27T15:56:48+00:00","twitter_card":"summary_large_image","schema":{"@context":"https:\/\/schema.org","@graph":[{"@type":"WebPage","@id":"https:\/\/kant.ws\/es\/","url":"https:\/\/kant.ws\/es\/","name":"Immanuel Kant","isPartOf":{"@id":"https:\/\/kant.ws\/es\/#website"},"datePublished":"2015-10-16T18:13:20+00:00","dateModified":"2022-12-27T15:56:48+00:00","description":"Immanuel Kant: Ingenier\u00eda de sistemas para organizar civilizaciones: esquemas organizativos (gesti\u00f3n de recursos) + educaci\u00f3n (darles vida).","breadcrumb":{"@id":"https:\/\/kant.ws\/es\/#breadcrumb"},"inLanguage":"es","potentialAction":[{"@type":"ReadAction","target":["https:\/\/kant.ws\/es\/"]}]},{"@type":"BreadcrumbList","@id":"https:\/\/kant.ws\/es\/#breadcrumb","itemListElement":[{"@type":"ListItem","position":1,"name":"Portada","item":"https:\/\/kant.ws\/es\/"},{"@type":"ListItem","position":2,"name":"Home"}]},{"@type":"WebSite","@id":"https:\/\/kant.ws\/es\/#website","url":"https:\/\/kant.ws\/es\/","name":"Ciencias Pol\u00edticas... ingenier\u00eda de sistemas para organizar civilizaciones","description":"Ciencias Pol\u00edticas... ingenier\u00eda de sistemas para organizar civilizaciones","publisher":{"@id":"https:\/\/kant.ws\/es\/#\/schema\/person\/c0effb46ff3358193ca678cec9d09672"},"alternateName":"Kant Web Site","potentialAction":[{"@type":"SearchAction","target":{"@type":"EntryPoint","urlTemplate":"https:\/\/kant.ws\/es\/?s={search_term_string}"},"query-input":{"@type":"PropertyValueSpecification","valueRequired":true,"valueName":"search_term_string"}}],"inLanguage":"es"},{"@type":["Person","Organization"],"@id":"https:\/\/kant.ws\/es\/#\/schema\/person\/c0effb46ff3358193ca678cec9d09672","name":"Immanuel Kant","image":{"@type":"ImageObject","inLanguage":"es","@id":"https:\/\/kant.ws\/es\/#\/schema\/person\/image\/","url":"https:\/\/kant.ws\/es\/wp-content\/uploads\/sites\/2\/2022\/07\/login-logo.png","contentUrl":"https:\/\/kant.ws\/es\/wp-content\/uploads\/sites\/2\/2022\/07\/login-logo.png","width":200,"height":200,"caption":"Immanuel Kant"},"logo":{"@id":"https:\/\/kant.ws\/es\/#\/schema\/person\/image\/"},"sameAs":["https:\/\/kant.ws\/","https:\/\/www.youtube.com\/c\/KantCf0"]}]}},"_links":{"self":[{"href":"https:\/\/kant.ws\/es\/wp-json\/wp\/v2\/pages\/31","targetHints":{"allow":["GET"]}}],"collection":[{"href":"https:\/\/kant.ws\/es\/wp-json\/wp\/v2\/pages"}],"about":[{"href":"https:\/\/kant.ws\/es\/wp-json\/wp\/v2\/types\/page"}],"author":[{"embeddable":true,"href":"https:\/\/kant.ws\/es\/wp-json\/wp\/v2\/users\/1"}],"replies":[{"embeddable":true,"href":"https:\/\/kant.ws\/es\/wp-json\/wp\/v2\/comments?post=31"}],"version-history":[{"count":1,"href":"https:\/\/kant.ws\/es\/wp-json\/wp\/v2\/pages\/31\/revisions"}],"predecessor-version":[{"id":153,"href":"https:\/\/kant.ws\/es\/wp-json\/wp\/v2\/pages\/31\/revisions\/153"}],"wp:attachment":[{"href":"https:\/\/kant.ws\/es\/wp-json\/wp\/v2\/media?parent=31"}],"curies":[{"name":"wp","href":"https:\/\/api.w.org\/{rel}","templated":true}]}}